{"id":37,"date":"2022-08-21T13:35:19","date_gmt":"2022-08-21T11:35:19","guid":{"rendered":"http:\/\/www.tennisparkhindelang.de\/wordpress\/?page_id=37"},"modified":"2023-07-18T16:50:49","modified_gmt":"2023-07-18T14:50:49","slug":"cafe-bistro","status":"publish","type":"page","link":"http:\/\/www.tennisparkhindelang.de\/wordpress\/?page_id=37","title":{"rendered":"Caf\u00e9 \/ Bistro"},"content":{"rendered":"\n<p>Willkommen in unserem Caf\u00e9 und Bistro!<\/p>\n\n\n\n<p>Bei uns k\u00f6nnen Sie folgende Speisen und Getr\u00e4nke genie\u00dfen:<\/p>\n\n\n\n<ul class=\"wp-block-list\">\n<li>verschiedene kalte und warme Getr\u00e4nke (S\u00e4fte, Saftschorlen, Iso-Drink, Limo, Bier, Kaffee, Cappuccino, &#8230;)<\/li>\n\n\n\n<li>verschiedene Pizzen<\/li>\n\n\n\n<li>Kuchen <\/li>\n<\/ul>\n\n\n\n<figure class=\"wp-block-image size-large\"><img loading=\"lazy\" decoding=\"async\" width=\"679\" height=\"1024\" src=\"http:\/\/www.tennisparkhindelang.de\/wordpress\/wp-content\/uploads\/2022\/09\/IMG_20220206_1524591-679x1024.jpg\" alt=\"\" class=\"wp-image-100\" srcset=\"http:\/\/www.tennisparkhindelang.de\/wordpress\/wp-content\/uploads\/2022\/09\/IMG_20220206_1524591-679x1024.jpg 679w, http:\/\/www.tennisparkhindelang.de\/wordpress\/wp-content\/uploads\/2022\/09\/IMG_20220206_1524591-199x300.jpg 199w, http:\/\/www.tennisparkhindelang.de\/wordpress\/wp-content\/uploads\/2022\/09\/IMG_20220206_1524591-768x1158.jpg 768w, http:\/\/www.tennisparkhindelang.de\/wordpress\/wp-content\/uploads\/2022\/09\/IMG_20220206_1524591-1018x1536.jpg 1018w, http:\/\/www.tennisparkhindelang.de\/wordpress\/wp-content\/uploads\/2022\/09\/IMG_20220206_1524591-1358x2048.jpg 1358w, http:\/\/www.tennisparkhindelang.de\/wordpress\/wp-content\/uploads\/2022\/09\/IMG_20220206_1524591-scaled.jpg 1697w\" sizes=\"auto, (max-width: 679px) 100vw, 679px\" \/><\/figure>\n\n\n\n<div class=\"wp-block-cover\"><span aria-hidden=\"true\" class=\"wp-block-cover__background has-background-dim\"><\/span><img loading=\"lazy\" decoding=\"async\" width=\"488\" height=\"1024\" class=\"wp-block-cover__image-background wp-image-103\" alt=\"\" src=\"http:\/\/www.tennisparkhindelang.de\/wordpress\/wp-content\/uploads\/2022\/09\/IMG_20220510_1643541-488x1024.jpg\" data-object-fit=\"cover\" srcset=\"http:\/\/www.tennisparkhindelang.de\/wordpress\/wp-content\/uploads\/2022\/09\/IMG_20220510_1643541-488x1024.jpg 488w, http:\/\/www.tennisparkhindelang.de\/wordpress\/wp-content\/uploads\/2022\/09\/IMG_20220510_1643541-143x300.jpg 143w, http:\/\/www.tennisparkhindelang.de\/wordpress\/wp-content\/uploads\/2022\/09\/IMG_20220510_1643541-768x1610.jpg 768w, http:\/\/www.tennisparkhindelang.de\/wordpress\/wp-content\/uploads\/2022\/09\/IMG_20220510_1643541-733x1536.jpg 733w, http:\/\/www.tennisparkhindelang.de\/wordpress\/wp-content\/uploads\/2022\/09\/IMG_20220510_1643541-977x2048.jpg 977w, http:\/\/www.tennisparkhindelang.de\/wordpress\/wp-content\/uploads\/2022\/09\/IMG_20220510_1643541-scaled.jpg 1221w\" sizes=\"auto, (max-width: 488px) 100vw, 488px\" \/><div class=\"wp-block-cover__inner-container is-layout-flow wp-block-cover-is-layout-flow\">\n<p class=\"has-text-align-center has-large-font-size\">mde<\/p>\n\n\n\n<h2 class=\"wp-block-heading\"><\/h2>\n<\/div><\/div>\n","protected":false},"excerpt":{"rendered":"<p>Willkommen in unserem Caf\u00e9 und Bistro! Bei uns k\u00f6nnen Sie folgende Speisen und Getr\u00e4nke genie\u00dfen:<\/p>\n","protected":false},"author":1,"featured_media":0,"parent":0,"menu_order":0,"comment_status":"closed","ping_status":"closed","template":"","meta":{"footnotes":""},"class_list":["post-37","page","type-page","status-publish","hentry","entry"],"_links":{"self":[{"href":"http:\/\/www.tennisparkhindelang.de\/wordpress\/index.php?rest_route=\/wp\/v2\/pages\/37","targetHints":{"allow":["GET"]}}],"collection":[{"href":"http:\/\/www.tennisparkhindelang.de\/wordpress\/index.php?rest_route=\/wp\/v2\/pages"}],"about":[{"href":"http:\/\/www.tennisparkhindelang.de\/wordpress\/index.php?rest_route=\/wp\/v2\/types\/page"}],"author":[{"embeddable":true,"href":"http:\/\/www.tennisparkhindelang.de\/wordpress\/index.php?rest_route=\/wp\/v2\/users\/1"}],"replies":[{"embeddable":true,"href":"http:\/\/www.tennisparkhindelang.de\/wordpress\/index.php?rest_route=%2Fwp%2Fv2%2Fcomments&post=37"}],"version-history":[{"count":9,"href":"http:\/\/www.tennisparkhindelang.de\/wordpress\/index.php?rest_route=\/wp\/v2\/pages\/37\/revisions"}],"predecessor-version":[{"id":140,"href":"http:\/\/www.tennisparkhindelang.de\/wordpress\/index.php?rest_route=\/wp\/v2\/pages\/37\/revisions\/140"}],"wp:attachment":[{"href":"http:\/\/www.tennisparkhindelang.de\/wordpress\/index.php?rest_route=%2Fwp%2Fv2%2Fmedia&parent=37"}],"curies":[{"name":"wp","href":"https:\/\/api.w.org\/{rel}","templated":true}]}}